{"id":6966,"date":"2025-02-01T11:05:26","date_gmt":"2025-02-01T10:05:26","guid":{"rendered":"https:\/\/cyrilcudennec.site\/accueil\/?page_id=6966"},"modified":"2025-11-15T15:42:34","modified_gmt":"2025-11-15T14:42:34","slug":"publications","status":"publish","type":"page","link":"https:\/\/cyrilcudennec.site\/accueil\/publications\/","title":{"rendered":"publications"},"content":{"rendered":"\t\t<div data-elementor-type=\"wp-page\" data-elementor-id=\"6966\" class=\"elementor elementor-6966\">\n\t\t\t\t<div class=\"elementor-element elementor-element-7607525b e-con-full e-flex e-con e-parent\" data-id=\"7607525b\" data-element_type=\"container\" data-e-type=\"container\">\n\t\t\t\t<div class=\"elementor-element elementor-element-ad65ae9 elementor-widget elementor-widget-spacer\" data-id=\"ad65ae9\" data-element_type=\"widget\" data-e-type=\"widget\" data-widget_type=\"spacer.default\">\n\t\t\t\t<div class=\"elementor-widget-container\">\n\t\t\t\t\t\t\t<div class=\"elementor-spacer\">\n\t\t\t<div class=\"elementor-spacer-inner\"><\/div>\n\t\t<\/div>\n\t\t\t\t\t\t<\/div>\n\t\t\t\t<\/div>\n\t\t\t\t<\/div>\n\t\t<div class=\"elementor-element elementor-element-1c12f489 e-con-full e-flex e-con e-parent\" data-id=\"1c12f489\" data-element_type=\"container\" data-e-type=\"container\">\n\t\t<div class=\"elementor-element elementor-element-46157295 e-con-full e-flex e-con e-child\" data-id=\"46157295\" data-element_type=\"container\" data-e-type=\"container\">\n\t\t\t\t<\/div>\n\t\t<div class=\"elementor-element elementor-element-33905e74 e-con-full e-flex e-con e-child\" data-id=\"33905e74\" data-element_type=\"container\" data-e-type=\"container\">\n\t\t\t\t<\/div>\n\t\t\t\t<\/div>\n\t\t<div class=\"elementor-element elementor-element-3b1f87b6 e-con-full e-flex e-con e-parent\" data-id=\"3b1f87b6\" data-element_type=\"container\" data-e-type=\"container\">\n\t\t<div class=\"elementor-element elementor-element-349199ea e-con-full e-flex e-con e-child\" data-id=\"349199ea\" data-element_type=\"container\" data-e-type=\"container\">\n\t\t\t\t<div class=\"elementor-element elementor-element-24c1bd32 elementor-align-end elementor-icon-list--layout-traditional elementor-list-item-link-full_width elementor-widget elementor-widget-icon-list\" data-id=\"24c1bd32\" data-element_type=\"widget\" data-e-type=\"widget\" data-widget_type=\"icon-list.default\">\n\t\t\t\t<div class=\"elementor-widget-container\">\n\t\t\t\t\t\t\t<ul class=\"elementor-icon-list-items\">\n\t\t\t\t\t\t\t<li class=\"elementor-icon-list-item\">\n\t\t\t\t\t\t\t\t\t\t\t<a href=\"https:\/\/www.blurb.fr\/b\/12575993-l-or-e-du-bois-au-bord-du-monde\">\n\n\t\t\t\t\t\t\t\t\t\t\t<span class=\"elementor-icon-list-text\">\u00e0 l'or\u00e9e du bois, au bord du monde<\/span>\n\t\t\t\t\t\t\t\t\t\t\t<\/a>\n\t\t\t\t\t\t\t\t\t<\/li>\n\t\t\t\t\t\t<\/ul>\n\t\t\t\t\t\t<\/div>\n\t\t\t\t<\/div>\n\t\t\t\t<\/div>\n\t\t<div class=\"elementor-element elementor-element-dc647d3 e-con-full e-flex e-con e-child\" data-id=\"dc647d3\" data-element_type=\"container\" data-e-type=\"container\">\n\t\t\t\t<div class=\"elementor-element elementor-element-85a0378 elementor-widget elementor-widget-image\" data-id=\"85a0378\" data-element_type=\"widget\" data-e-type=\"widget\" data-widget_type=\"image.default\">\n\t\t\t\t<div class=\"elementor-widget-container\">\n\t\t\t\t\t\t\t\t\t\t\t\t\t\t\t<img fetchpriority=\"high\" decoding=\"async\" width=\"800\" height=\"800\" src=\"https:\/\/cyrilcudennec.site\/wp-content\/uploads\/2025\/10\/aa001_5-1024x1024.jpg\" class=\"attachment-large size-large wp-image-7458\" alt=\"\" srcset=\"https:\/\/cyrilcudennec.site\/wp-content\/uploads\/2025\/10\/aa001_5-1024x1024.jpg 1024w, https:\/\/cyrilcudennec.site\/wp-content\/uploads\/2025\/10\/aa001_5-300x300.jpg 300w, https:\/\/cyrilcudennec.site\/wp-content\/uploads\/2025\/10\/aa001_5-150x150.jpg 150w, https:\/\/cyrilcudennec.site\/wp-content\/uploads\/2025\/10\/aa001_5-768x768.jpg 768w, https:\/\/cyrilcudennec.site\/wp-content\/uploads\/2025\/10\/aa001_5-1536x1536.jpg 1536w, https:\/\/cyrilcudennec.site\/wp-content\/uploads\/2025\/10\/aa001_5.jpg 1775w\" sizes=\"(max-width: 800px) 100vw, 800px\" \/>\t\t\t\t\t\t\t\t\t\t\t\t\t\t\t<\/div>\n\t\t\t\t<\/div>\n\t\t\t\t<\/div>\n\t\t<div class=\"elementor-element elementor-element-5b147a39 e-con-full e-flex e-con e-child\" data-id=\"5b147a39\" data-element_type=\"container\" data-e-type=\"container\">\n\t\t\t\t<div class=\"elementor-element elementor-element-628f719 elementor-widget elementor-widget-text-editor\" data-id=\"628f719\" data-element_type=\"widget\" data-e-type=\"widget\" data-widget_type=\"text-editor.default\">\n\t\t\t\t<div class=\"elementor-widget-container\">\n\t\t\t\t\t\t\t\t\t<p>entre collections, sujets r\u00e9currents et th\u00e8mes favoris, entre mon calvaire pr\u00e9f\u00e9r\u00e9 et des bouleaux nus et p\u00e2les qui se superposent, entre sapins de no\u00ebl et monuments aux morts, entre cartes affich\u00e9es aux murs et voies sans issue, entre vieux appareils sovi\u00e9tiques et une vieille pellicule argentique trouv\u00e9e par hasard, entre un jardin inconnu dans lequel je m&rsquo;immisce et ma caravane mang\u00e9e par la v\u00e9g\u00e9tation sur la parcelle du bas, je me balade \u00e0 l&rsquo;or\u00e9e du bois, au bord du monde<\/p>\t\t\t\t\t\t\t\t<\/div>\n\t\t\t\t<\/div>\n\t\t\t\t<\/div>\n\t\t\t\t<\/div>\n\t\t<div class=\"elementor-element elementor-element-72f0cc0e e-con-full e-flex e-con e-parent\" data-id=\"72f0cc0e\" data-element_type=\"container\" data-e-type=\"container\">\n\t\t\t\t<div class=\"elementor-element elementor-element-4304dbb5 elementor-widget elementor-widget-spacer\" data-id=\"4304dbb5\" data-element_type=\"widget\" data-e-type=\"widget\" data-widget_type=\"spacer.default\">\n\t\t\t\t<div class=\"elementor-widget-container\">\n\t\t\t\t\t\t\t<div class=\"elementor-spacer\">\n\t\t\t<div class=\"elementor-spacer-inner\"><\/div>\n\t\t<\/div>\n\t\t\t\t\t\t<\/div>\n\t\t\t\t<\/div>\n\t\t\t\t<\/div>\n\t\t\t\t<\/div>\n\t\t","protected":false},"excerpt":{"rendered":"<p>\u00e0 l&rsquo;or\u00e9e du bois, au bord du monde entre collections, sujets r\u00e9currents et th\u00e8mes favoris, entre mon calvaire pr\u00e9f\u00e9r\u00e9 et des bouleaux nus et p\u00e2les qui se superposent, entre sapins de no\u00ebl et monuments aux morts, entre cartes affich\u00e9es aux murs et voies sans issue, entre vieux appareils sovi\u00e9tiques et une vieille pellicule argentique trouv\u00e9e [&hellip;]<\/p>\n","protected":false},"author":1,"featured_media":0,"parent":0,"menu_order":0,"comment_status":"closed","ping_status":"closed","template":"","meta":{"footnotes":""},"class_list":["post-6966","page","type-page","status-publish","hentry"],"_links":{"self":[{"href":"https:\/\/cyrilcudennec.site\/accueil\/wp-json\/wp\/v2\/pages\/6966","targetHints":{"allow":["GET"]}}],"collection":[{"href":"https:\/\/cyrilcudennec.site\/accueil\/wp-json\/wp\/v2\/pages"}],"about":[{"href":"https:\/\/cyrilcudennec.site\/accueil\/wp-json\/wp\/v2\/types\/page"}],"author":[{"embeddable":true,"href":"https:\/\/cyrilcudennec.site\/accueil\/wp-json\/wp\/v2\/users\/1"}],"replies":[{"embeddable":true,"href":"https:\/\/cyrilcudennec.site\/accueil\/wp-json\/wp\/v2\/comments?post=6966"}],"version-history":[{"count":62,"href":"https:\/\/cyrilcudennec.site\/accueil\/wp-json\/wp\/v2\/pages\/6966\/revisions"}],"predecessor-version":[{"id":9452,"href":"https:\/\/cyrilcudennec.site\/accueil\/wp-json\/wp\/v2\/pages\/6966\/revisions\/9452"}],"wp:attachment":[{"href":"https:\/\/cyrilcudennec.site\/accueil\/wp-json\/wp\/v2\/media?parent=6966"}],"curies":[{"name":"wp","href":"https:\/\/api.w.org\/{rel}","templated":true}]}}